{"id":3164,"date":"2025-11-20T18:39:07","date_gmt":"2025-11-20T18:39:07","guid":{"rendered":"https:\/\/anjakreysing.de\/wp\/?page_id=3164"},"modified":"2025-11-20T18:44:46","modified_gmt":"2025-11-20T18:44:46","slug":"infos-in-deutscher-sprache","status":"publish","type":"page","link":"https:\/\/anjakreysing.de\/wp\/infos-in-deutscher-sprache\/","title":{"rendered":"Infos in Deutscher Sprache"},"content":{"rendered":"\n<p><strong>Anja Kreysing<\/strong>\u00a0ist Klang- und Medienk\u00fcnstlerin \/ Post-Cinematic Composer.<\/p>\n\n\n\n<p>In ihrer Arbeit verbindet sie Expanded Cinema, post-kinematografische Komposition und Live-Soundtracks mit Akkordeon und Elektronik. Ihre experimentellen Videos und elektroakustischen Echtzeit-Partituren oszillieren zwischen Abstraktion und Narration. Anja setzt ihr computerisiertes Akkordeon als atmende Schnittstelle zwischen Tradition und Transformation im Sinne einer zeitgen\u00f6ssischen Kinoorgel f\u00fcr m\u00e4chtige Klangw\u00e4nde und immersive Soundscapes ein.<\/p>\n\n\n\n<p>Gemeinsam mit Helmut Buntjer kuratiert sie das Label&nbsp;<strong>schwarz-weiss ist die bessere farbe<\/strong>, das sich dem performativen Expanded Cinema widmet. Als zertifizierte&nbsp;<strong>Deep Listening\u00ae-Practitioner&nbsp;<\/strong>forscht Anja kontinuierlich zum Potenzial \u00e4sthetischer Transformation und zeigt ihre Arbeiten international auf Festivals und in Institutionen. F\u00fcr ihr k\u00fcnstlerisch-musikalisches Schaffen erhielt Anja Kreysing Preise und Stipendien, darunter das Stipendium f\u00fcr eine Medienk\u00fcnstlerin, MSWKS des Landes NRW.<\/p>\n\n\n\n<p>Ausbildung:<\/p>\n\n\n\n<ul class=\"wp-block-list\">\n<li>Meistersch\u00fclerin des deutschen Fluxus-Filmers Lutz Mommartz \/ Filmklasse Kunstakademie M\u00fcnster, Akademiebrief<\/li>\n\n\n\n<li>Weitere Studien bei Nan Hoover, Christina Kubisch, Malcolm Goldstein<\/li>\n\n\n\n<li>Certified Deep Listening practitioner nach Pauline Oliveros<\/li>\n<\/ul>\n\n\n\n<p><\/p>\n","protected":false},"excerpt":{"rendered":"<p>Anja Kreysing\u00a0ist Klang- und Medienk\u00fcnstlerin \/ Post-Cinematic Composer. In ihrer Arbeit verbindet sie Expanded Cinema, post-kinematografische Komposition und Live-Soundtracks mit Akkordeon und Elektronik. Ihre experimentellen Videos und elektroakustischen Echtzeit-Partituren oszillieren zwischen Abstraktion und Narration. Anja setzt ihr computerisiertes Akkordeon als atmende Schnittstelle zwischen Tradition und Transformation im Sinne einer zeitgen\u00f6ssischen Kinoorgel f\u00fcr m\u00e4chtige Klangw\u00e4nde und &hellip; <\/p>\n<p class=\"link-more\"><a href=\"https:\/\/anjakreysing.de\/wp\/infos-in-deutscher-sprache\/\" class=\"more-link\"><span class=\"screen-reader-text\">\u201eInfos in Deutscher Sprache\u201c<\/span> weiterlesen<\/a><\/p>\n","protected":false},"author":1,"featured_media":0,"parent":0,"menu_order":0,"comment_status":"closed","ping_status":"closed","template":"","meta":{"spay_email":"","footnotes":""},"class_list":["post-3164","page","type-page","status-publish","hentry"],"_links":{"self":[{"href":"https:\/\/anjakreysing.de\/wp\/wp-json\/wp\/v2\/pages\/3164","targetHints":{"allow":["GET"]}}],"collection":[{"href":"https:\/\/anjakreysing.de\/wp\/wp-json\/wp\/v2\/pages"}],"about":[{"href":"https:\/\/anjakreysing.de\/wp\/wp-json\/wp\/v2\/types\/page"}],"author":[{"embeddable":true,"href":"https:\/\/anjakreysing.de\/wp\/wp-json\/wp\/v2\/users\/1"}],"replies":[{"embeddable":true,"href":"https:\/\/anjakreysing.de\/wp\/wp-json\/wp\/v2\/comments?post=3164"}],"version-history":[{"count":2,"href":"https:\/\/anjakreysing.de\/wp\/wp-json\/wp\/v2\/pages\/3164\/revisions"}],"predecessor-version":[{"id":3167,"href":"https:\/\/anjakreysing.de\/wp\/wp-json\/wp\/v2\/pages\/3164\/revisions\/3167"}],"wp:attachment":[{"href":"https:\/\/anjakreysing.de\/wp\/wp-json\/wp\/v2\/media?parent=3164"}],"curies":[{"name":"wp","href":"https:\/\/api.w.org\/{rel}","templated":true}]}}